{"id":5863,"date":"2023-05-24T14:05:36","date_gmt":"2023-05-24T11:05:36","guid":{"rendered":"https:\/\/kitchenjulie.com\/product\/kitchen-julie-x-dear-freedom-zalio-dzemperio-ir-kelniu-rinkinys\/"},"modified":"2024-12-07T00:00:39","modified_gmt":"2024-12-06T22:00:39","slug":"kitchen-julie-x-dear-freedom-zalio-dzemperio-ir-kelniu-rinkinys","status":"publish","type":"product","link":"https:\/\/kitchenjulie.com\/lt\/produktas\/kitchen-julie-x-dear-freedom-zalio-dzemperio-ir-kelniu-rinkinys\/","title":{"rendered":"Kitchen Julie x Dear Freedom \u017ealio d\u017eemperio ir kelni\u0173 rinkinys"},"content":{"rendered":"","protected":false},"excerpt":{"rendered":"<p><br data-mce-bogus=\"1\"><\/p>\n","protected":false},"featured_media":4824,"comment_status":"closed","ping_status":"closed","template":"","meta":{"_acf_changed":false,"inline_featured_image":false},"product_brand":[],"product_cat":[1055],"product_tag":[],"class_list":{"0":"post-5863","1":"product","2":"type-product","3":"status-publish","4":"has-post-thumbnail","6":"product_cat-be-kategorijos","8":"first","9":"instock","10":"taxable","11":"shipping-taxable","12":"purchasable","13":"product-type-variable","14":"has-default-attributes"},"acf":[],"_links":{"self":[{"href":"https:\/\/kitchenjulie.com\/lt\/wp-json\/wp\/v2\/product\/5863","targetHints":{"allow":["GET"]}}],"collection":[{"href":"https:\/\/kitchenjulie.com\/lt\/wp-json\/wp\/v2\/product"}],"about":[{"href":"https:\/\/kitchenjulie.com\/lt\/wp-json\/wp\/v2\/types\/product"}],"replies":[{"embeddable":true,"href":"https:\/\/kitchenjulie.com\/lt\/wp-json\/wp\/v2\/comments?post=5863"}],"wp:featuredmedia":[{"embeddable":true,"href":"https:\/\/kitchenjulie.com\/lt\/wp-json\/wp\/v2\/media\/4824"}],"wp:attachment":[{"href":"https:\/\/kitchenjulie.com\/lt\/wp-json\/wp\/v2\/media?parent=5863"}],"wp:term":[{"taxonomy":"product_brand","embeddable":true,"href":"https:\/\/kitchenjulie.com\/lt\/wp-json\/wp\/v2\/product_brand?post=5863"},{"taxonomy":"product_cat","embeddable":true,"href":"https:\/\/kitchenjulie.com\/lt\/wp-json\/wp\/v2\/product_cat?post=5863"},{"taxonomy":"product_tag","embeddable":true,"href":"https:\/\/kitchenjulie.com\/lt\/wp-json\/wp\/v2\/product_tag?post=5863"}],"curies":[{"name":"wp","href":"https:\/\/api.w.org\/{rel}","templated":true}]}}