{"id":5907,"date":"2024-04-03T15:22:15","date_gmt":"2024-04-03T12:22:15","guid":{"rendered":"https:\/\/kitchenjulie.com\/?page_id=5907"},"modified":"2024-04-04T09:04:47","modified_gmt":"2024-04-04T06:04:47","slug":"salygos-ir-terminai","status":"publish","type":"page","link":"https:\/\/kitchenjulie.com\/lt\/salygos-ir-terminai\/","title":{"rendered":"S\u0105lygos ir terminai"},"content":{"rendered":"\n<div class=\"wp-block-columns is-layout-flex wp-container-core-columns-is-layout-9d6595d7 wp-block-columns-is-layout-flex\">\n<div class=\"wp-block-column is-layout-flow wp-block-column-is-layout-flow\" style=\"flex-basis:66.66%\">\n<p><strong>PIRKIMO-PARDAVIMO SUTARTIES SUDARYMAS<\/strong><\/p>\n\n\n\n<p><\/p>\n\n\n\n<p>Sutartis tarp Pirk\u0117jo ir Pardav\u0117jo laikoma sudaryta nuo to momento, kai Pirk\u0117jas, i\u0161sirink\u0119s perkam\u0105(-as) prek\u0119(-es) ir suformav\u0119s preki\u0173 krep\u0161el\u012f (toliau &#8211; Preki\u0173 krep\u0161elis), paspaud\u017eia nuorod\u0105 \u201eU\u017dSAKYTI\u201c.\u2028<\/p>\n\n\n\n<p>Sudarius Pirkimo \u2013 pardavimo sutart\u012f, Pirk\u0117jo u\u017esakymo atlikimo metu nurodytas preki\u0173 asortimentas, j\u0173 kiekis, kaina, pristatymo laikas bei kitos s\u0105lygos yra privalomos tiek Pirk\u0117jui ir Pardav\u0117jui ir gali b\u016bti kei\u010diamos tik \u0161iose Taisykl\u0117se nustatyta tvarka.\u2028<\/p>\n\n\n\n<p>Pirkimo-pardavimo sutartys registruojamos ir saugomos\u00a0https:\/\/kitchenjulie.com\u00a0duomen\u0173 baz\u0117je.<\/p>\n\n\n\n<p><\/p>\n\n\n\n<p><strong>PIRK\u0116JO TEIS\u0116S<\/strong><\/p>\n\n\n\n<p><\/p>\n\n\n\n<p>Pirk\u0117jas turi teis\u0119 pirkti prekes interneto parduotuv\u0117je\u00a0https:\/\/kitchenjulie.com\u00a0vadovaudamasis \u0161iomis Taisykl\u0117mis.<\/p>\n\n\n\n<p>Pirk\u0117jas turi teis\u0119 atsisakyti preki\u0173 pirkimo \u2013 pardavimo sutarties, sudarytos su internetine parduotuve\u00a0https:\/\/kitchenjulie.com, prane\u0161damas apie tai Pardav\u0117jui ra\u0161tu (elektroniniu pa\u0161tu, nurodant pageidaujam\u0105 gr\u0105\u017einti prek\u0119 ir jos u\u017esakymo numer\u012f) ne v\u0117liau kaip per 7\u00a0(septynias) darbo dienas nuo prek\u0117s pristatymo dienos.<\/p>\n\n\n\n<p>Pirk\u0117jo teisi\u0173 2 punkte aptarta Pirk\u0117jo teis\u0117 \u012fgyvendinama vadovaujantis \u016bkio ministro 2001 m. rugpj\u016b\u010dio 17 d. \u012fsakymu Nr. 258 patvirtintomis Daikt\u0173 pardavimo ir paslaug\u0173 teikimo, kai sutartys sudaromos naudojant ry\u0161io priemones, taisykl\u0117mis.<\/p>\n\n\n\n<p>Pirk\u0117jo teisi\u0173 2 punkte aptarta Pirk\u0117jo teise Pirk\u0117jas gali pasinaudoti tik tuo atveju, jeigu prek\u0117 nebuvo sugadinta arba i\u0161 esm\u0117s nepasikeit\u0117 jos i\u0161vaizda, taip pat jei ji nebuvo naudojama.<\/p>\n\n\n\n<p><\/p>\n\n\n\n<p><strong>PIRK\u0116JO \u012eSIPAREIGOJIMAI<\/strong><\/p>\n\n\n\n<p>Pirk\u0117jas privalo sumok\u0117ti u\u017e \u012fsigytas\u00a0https:\/\/kitchenjulie.com\u00a0prekes ir jas priimti \u0161iose Taisykl\u0117se numatyta tvarka.<\/p>\n\n\n\n<p>Jei Pirk\u0117jas, preki\u0173 pristatymo metu, be svarbi\u0173 prie\u017eas\u010di\u0173 atsisako priimti prekes, Pirk\u0117jas privalo padengti preki\u0173 pristatymo i\u0161laidas.<\/p>\n\n\n\n<p>Interneto parduotuv\u0117s\u00a0https:\/kitchenjulie.com\u00a0Pirk\u0117jai privalo laikytis \u0161i\u0173 Taisykli\u0173, bei s\u0105lyg\u0173, ai\u0161kiai nurodyt\u0173 internetin\u0117s parduotuv\u0117s informacijos skiltyse, ir nepa\u017eeisti Lietuvos Respublikos teis\u0117s akt\u0173.<\/p>\n\n\n\n<p><strong>PARDAV\u0116JO \u012eSIPAREIGOJIMAI<\/strong><\/p>\n\n\n\n<p>Pardav\u0117jas \u012fsipareigoja sudaryti galimyb\u0119 naudotis interneto parduotuv\u0117s paslaugomis, kurios veikimo s\u0105lygas nustato \u0161ios Taisykl\u0117s ir kitos interneto parduotuv\u0117je\u00a0https:\/\/kitchenjulie.com\u00a0skelbiamos s\u0105lygos.<\/p>\n\n\n\n<p>Pardav\u0117jas \u012fsipareigoja Pirk\u0117jo \u012fsigytas prekes pristatyti nurodytu adresu, remdamasis s\u0105lygomis, kurias nustato \u0161ios Taisykl\u0117s.\u2028<\/p>\n\n\n\n<p>Pardav\u0117jas \u012fsipareigoja gerbti Pirk\u0117jo privatumo teis\u0119 \u012f jam priklausan\u010di\u0105 asmenin\u0119 informacij\u0105.\u2028<\/p>\n\n\n\n<p>I\u0161kilus nenumatytiems atvejams, kai d\u0117l nenumatyt\u0173 aplinkybi\u0173 Pardav\u0117jas negali pristatyti interneto parduotuv\u0117je\u00a0http:\/\/kitchenjulie.com\u00a0\u012fsigytos prek\u0117s, Pardav\u0117jas turi teis\u0119 nutraukti pirkimo &#8211; pardavimo sutart\u012f, prie\u0161 tai informuodamas pirk\u0117j\u0105. Pardav\u0117jas gali pasi\u016blyti analogi\u0161k\u0105 prek\u0119, Pirk\u0117jui atsisakius, Pardav\u0117jas \u012fsipareigoja gr\u0105\u017einti sumok\u0117tus pinigus per 5 (penkias) darbo dienas.\u2028<\/p>\n\n\n\n<p>Pirk\u0117jui pasinaudojus Taisykli\u0173 pirk\u0117j\u0173 teis\u0117s 2 punkte numatyta teise ir esant Taisykli\u0173 pirk\u0117j\u0173 teisi\u0173 4 punkte numatytai s\u0105lygai, Pardav\u0117jas \u012fsipareigoja gr\u0105\u017einti Pirk\u0117jui sumok\u0117tus pinigus per 7 (septynias) darbo dienas, skai\u010diuojamas nuo gr\u0105\u017einamos prek\u0117s gavimo dienos.<\/p>\n\n\n\n<p><strong>PREKI\u0172 KAINOS<\/strong><\/p>\n\n\n\n<p>Preki\u0173 kainos interneto parduotuv\u0117je ir suformuotame u\u017esakyme\u00a0https:\/\/kitchenjulie.com\u00a0nurodomos eurais.<\/p>\n\n\n\n<p><strong>ATSISKAITYMO U\u017d PREKES TVARKA IR TERMINAI<\/strong><\/p>\n\n\n\n<p>Pirk\u0117jas atsiskaito u\u017e \u012fsigytas prekes vienu i\u0161 \u0161i\u0173 b\u016bd\u0173:<\/p>\n\n\n\n<ul class=\"wp-block-list\">\n<li>per atsiskaitymo partnerio sistem\u0105 paysera.lt.<\/li>\n\n\n\n<li>Apmok\u0117jimas Paypal.<\/li>\n<\/ul>\n\n\n\n<p>Pirk\u0117jas, atsiskaitydamas auk\u0161\u010diau aptartais b\u016bdais, \u012fsipareigoja u\u017e prekes atsiskaityti nedelsdamas. Tik jam sumok\u0117jus bus formuojamas preki\u0173 siuntinys.<\/p>\n\n\n\n<p>Pirk\u0117jui i\u0161sirinkus pageidaujamas prekes ir sudarius sutart\u012f su Pardav\u0117ju, \u012f jo nurodyt\u0105 elektroninio pa\u0161to adres\u0105 bus atsi\u0173sta u\u017esakymo informacija, o po apmok\u0117jimo &#8211; s\u0105skaita-fakt\u016bra. S\u0105skaitose nurodomos pasirinktos prek\u0117s, j\u0173 kiekis, suteikiamos nuolaidos, galutin\u0117 preki\u0173 kaina, \u012fskaitant visus mokes\u010dius, ir pristatymo mokes\u010diai.<\/p>\n\n\n\n<p><strong>PREKI\u0172 PRISTATYMAS<\/strong><\/p>\n\n\n\n<p>Elektronin\u0117 parduotuv\u0117\u00a0https:\/\/kitchenjulie.com\u00a0\u012fsipareigoja prekes pristatyti Pirk\u0117jui ne v\u0117liau kaip per 2-10 darbo dienas nuo u\u017esakymo patvirtinimo. Kartu Pirk\u0117jas sutinka, jog i\u0161imtinais atvejais preki\u0173 pristatymas gali v\u0117luoti d\u0117l nenumatyt\u0173 aplinkybi\u0173. Tokiu atveju,\u00a0https:\/\/kitchenjulie.com\u00a0\u012fsipareigoja nedelsiant susisiekti su Pirk\u0117ju ir suderinti preki\u0173 pristatymo klausimus. Preki\u0173 siuntim\u0105 \u012fgyvendina UAB Shipaway &#8211; prek\u0117s i\u0161 sand\u0117lio i\u0161siun\u010diamos per 1 darbo dien\u0105 ir \u012fprastai Lietuvoje yra pristatomos kurjeri\u0173 per 2-3 darbo dienas.<\/p>\n\n\n\n<p>Pirk\u0117jas, \u012fsigydamas prekes interneto parduotuv\u0117je\u00a0https:\/\/kitchenjulie.com, gali pasirinkti i\u0161 keleto preki\u0173 pristatymo b\u016bd\u0173:<\/p>\n\n\n\n<ul class=\"wp-block-list\">\n<li>Kurjerio paslaugos &#8211; pristatymas gav\u0117jo adresu Lietuvoje.<\/li>\n\n\n\n<li>Kurjerio paslaugos &#8211; pristatymas \u012f pasirinkt\u0105 pa\u0161tomat\u0105.<\/li>\n<\/ul>\n\n\n\n<p>Pirk\u0117jas \u012fsipareigoja nurodyti tiksli\u0105 preki\u0173 pristatymo viet\u0105. Ypa\u010d svarbu u\u017esakymo formoje nurodyti teising\u0105 pa\u0161to kod\u0105, kadangi pagal j\u012f kurjeris pristato prekes ir telefono numer\u012f, kuriuo galima b\u016bt\u0173 susisiekti su Pirk\u0117ju.<\/p>\n\n\n\n<p>Pirk\u0117jas \u012fsipareigoja prekes priimti pats. Tuo atveju, kai jis preki\u0173 pats priimti negali, o prek\u0117s pristatytos nurodytu adresu ir remiantis kitais Pirk\u0117jo pateiktais duomenimis, Pirk\u0117jas neturi teis\u0117s reik\u0161ti Pardav\u0117jui pretenzij\u0173 d\u0117l preki\u0173 pristatymo netinkamam subjektui.<\/p>\n\n\n\n<p>Gav\u0119s prekes Pirk\u0117jas privalo kartu su Pardav\u0117ju arba jo \u012fgaliotu atstovu patikrinti siuntos ir prek\u0117s(-i\u0173) b\u016bkl\u0119 bei pasira\u0161yti s\u0105skait\u0105 fakt\u016br\u0105, va\u017etara\u0161t\u012f ar kit\u0105 siuntos perdavimo ir pri\u0117mimo dokument\u0105. Pirk\u0117jui pasira\u0161ius s\u0105skait\u0105 fakt\u016br\u0105, va\u017etara\u0161t\u012f ar kit\u0105 siuntos perdavimo ir pri\u0117mimo dokument\u0105, laikoma, kad siunta perduota tinkamos b\u016bkl\u0117s, preki\u0173 pa\u017eeidim\u0173, kuri\u0173 atsiradimo pagrindas priskirtinas ne gamykliniam brokui, bei prek\u0117s(-i\u0173) komplektacijos neatitikim\u0173 (toki\u0173, kuriuos galima nustatyti ap\u017ei\u016brint preki\u0173 i\u0161or\u0119) n\u0117ra. Pasteb\u0117j\u0119s, kad pateiktos siuntos pakuot\u0117 pa\u017eeista (suglam\u017eyta, \u0161lapia ar kitaip i\u0161ori\u0161kai pa\u017eeista), prek\u0117 (-\u0117s) yra pa\u017eeista(-os) ir (ar) prek\u0117 (-\u0117s) yra netinkamos komplektacijos, Pirk\u0117jas privalo tai pa\u017eym\u0117ti s\u0105skaitoje fakt\u016broje, va\u017etara\u0161tyje ar kitame siuntos perdavimo ir pri\u0117mimo dokumente bei kreiptis \u012f Pardav\u0117j\u0105. Pirk\u0117jui neatlikus \u0161i\u0173 veiksm\u0173, Pardav\u0117jas atleid\u017eiamas nuo atsakomyb\u0117s prie\u0161 Pirk\u0117j\u0105 d\u0117l preki\u0173 pa\u017eeidim\u0173, jeigu toki\u0173 pa\u017eeidim\u0173 atsiradimo pagrindas n\u0117ra gamyklinis brokas, bei d\u0117l preki\u0173 komplektacijos neatitikim\u0173, jeigu \u0161iuos neatitikimus galima nustatyti ap\u017ei\u016brint preki\u0173 i\u0161or\u0119.<\/p>\n\n\n\n<p>Pardav\u0117jas atleid\u017eiamas nuo atsakomyb\u0117s u\u017e preki\u0173 pateikimo termin\u0173 pa\u017eeidim\u0105, jeigu prek\u0117s Pirk\u0117jui n\u0117ra pateikiamos arba pateikiamos ne laiku d\u0117l Pirk\u0117jo kalt\u0117s arba d\u0117l nuo Pirk\u0117jo priklausan\u010di\u0173 aplinkybi\u0173.<\/p>\n\n\n\n<p><strong>PREKI\u0172 KOKYB\u0116S GARANTIJA<\/strong><\/p>\n\n\n\n<p>Vis\u0173 parduodam\u0173 preki\u0173 ypatyb\u0117s nurodomos prie kiekvienos prek\u0117s esan\u010diame apra\u0161yme.<\/p>\n\n\n\n<p>Pardav\u0117jas neatsako u\u017e tai, kad interneto parduotuv\u0117je esan\u010di\u0173 preki\u0173 spalva, forma ar kiti parametrai gali neatitikti realaus preki\u0173 dyd\u017eio, formos ir spalvos d\u0117l Pirk\u0117jo naudojamo monitoriaus ypatybi\u0173.<\/p>\n\n\n\n<p><strong>APSIKEITIMAS INFORMACIJA<\/strong><\/p>\n\n\n\n<p>Pardav\u0117jas komunikuoja su Pirk\u0117ju naudodamasis jo pateiktu el. pa\u0161to adresu, o Pirk\u0117jas gali naudotis visais susisiekimo kanalais, nurodytais interneto parduotuv\u0117s\u00a0https:\/\/kitchenjulie.com\u00a0svetain\u0117s skyriuje \u201eKONTAKTAI\u201c.<\/p>\n\n\n\n<p><strong>ATSAKOMYB\u0116<\/strong><\/p>\n\n\n\n<p>Pirk\u0117jas yra visi\u0161kai atsakingas u\u017e pateikt\u0173 duomen\u0173 teisingum\u0105. Jei Pirk\u0117jas pateikia netikslius duomenis, Pardav\u0117jas neatsako u\u017e d\u0117l to atsiradusius padarinius ir \u012fgyja teis\u0119 reikalauti i\u0161 Pirk\u0117jo patirt\u0173 tiesiogini\u0173 nuostoli\u0173 atlyginimo.<\/p>\n\n\n\n<p>Pardav\u0117jas atleid\u017eiamas nuo bet kokios atsakomyb\u0117s visais atvejais, kai nuostoli\u0173 atsiranda d\u0117l to, jog Pirk\u0117jas, neatsi\u017evelgdamas \u012f Pardav\u0117jo rekomendacijas ir savo \u012fsipareigojimus, nesusipa\u017eino su \u0161iomis Taisykl\u0117mis, nors tokia galimyb\u0117 jam buvo suteikta.<\/p>\n\n\n\n<p>Jei Pardav\u0117jo elektronin\u0117je parduotuv\u0117je yra nuorodos \u012f kit\u0173 \u012fmoni\u0173, \u012fstaig\u0173, organizacij\u0173 ar asmen\u0173 tinklapius, Pardav\u0117jas n\u0117ra atsakingas u\u017e ten esan\u010di\u0105 informacij\u0105 ar vykdom\u0105 veikl\u0105, t\u0173 tinklapi\u0173 nepri\u017ei\u016bri, nekontroliuoja ir toms \u012fmon\u0117ms bei asmenims neatstovauja.<\/p>\n\n\n\n<p>Atsiradus \u017ealai, kaltoji \u0161alis atlygina kitai \u0161aliai patirtus nuostolius Lietuvos Respublikos teis\u0117s akt\u0173 nustatyta tvarka ir pagrindais.<\/p>\n\n\n\n<p><strong>PARDAV\u0116JO TAIKOMOS RINKODAROS PRIEMON\u0116S<\/strong><\/p>\n\n\n\n<p>Pardav\u0117jas gali vykdyti \u012fvairaus pob\u016bd\u017eio akcijas, bet kada keisti j\u0173 s\u0105lygas, jas nutraukti.\u2028<\/p>\n\n\n\n<p>Pardav\u0117jas turi teis\u0119 viena\u0161ali\u0161kai, be atskiro \u012fsp\u0117jimo, pakeisti akcij\u0173 s\u0105lygas, taip pat jas panaikinti. Bet kokie akcij\u0173 s\u0105lyg\u0173 tvarkos pakeitimai ar panaikinimas galioja tik \u012f priek\u012f, t.y. nuo j\u0173 atlikimo momento.<\/p>\n\n\n\n<p><strong>BAIGIAMOSIOS NUOSTATOS<\/strong><\/p>\n\n\n\n<p>MB Kitchenjulie\u00a0pasilieka teis\u0119 sustabdyti, savo nuo\u017ei\u016bra pildyti, keisti \u0161ias Taisykles ir kitus su Taisykl\u0117mis susijusius dokumentus. Taisykli\u0173 papildymai ar pakeitimai \u012fsigalioja nuo j\u0173 paskelbimo dienos.<\/p>\n\n\n\n<p>Jeigu Pirk\u0117jas nesutinka su nauja Taisykli\u0173 redakcija, daliniais papildymais, pakeitimais, Pirk\u0117jas turi teis\u0119 j\u0173 atsisakyti, su s\u0105lyga, kad Pirk\u0117jas praranda teis\u0119 naudotis interneto parduotuv\u0117s paslaugomis.<\/p>\n\n\n\n<p>\u0160ios Taisykl\u0117s sudarytos vadovaujantis Lietuvos Respublikos teis\u0117s aktais.<\/p>\n\n\n\n<p>\u0160i\u0173 Taisykli\u0173 pagrindu kylantiems santykiams taikoma Lietuvos Respublikos teis\u0117.<\/p>\n\n\n\n<p>Visi nesutarimai, kil\u0119 d\u0117l \u0161i\u0173 Taisykli\u0173 vykdymo, sprend\u017eiami deryb\u0173 b\u016bdu. Nepavykus susitarti, gin\u010dai sprend\u017eiami Lietuvos Respublikos \u012fstatym\u0173 nustatyta tvarka pagal Pardav\u0117jo registravimo viet\u0105.<\/p>\n\n\n\n<p>\u0160alys atleid\u017eiamos nuo \u012fsipareigojim\u0173 pagal \u0161ias Taisykles vykdymo, jei j\u0173 \u012fvykdymas yra ne\u012fmanomas d\u0117l nenugalimos j\u0117gos aplinkybi\u0173.<\/p>\n<\/div>\n\n\n\n<div class=\"wp-block-column is-layout-flow wp-block-column-is-layout-flow\" style=\"flex-basis:33.33%\"><\/div>\n<\/div>\n","protected":false},"excerpt":{"rendered":"<p>PIRKIMO-PARDAVIMO SUTARTIES SUDARYMAS Sutartis tarp Pirk\u0117jo ir Pardav\u0117jo laikoma sudaryta nuo to momento, kai Pirk\u0117jas, i\u0161sirink\u0119s perkam\u0105(-as) prek\u0119(-es) ir suformav\u0119s preki\u0173 krep\u0161el\u012f (toliau &#8211; Preki\u0173 krep\u0161elis), paspaud\u017eia nuorod\u0105 \u201eU\u017dSAKYTI\u201c.\u2028 Sudarius Pirkimo \u2013 pardavimo sutart\u012f, Pirk\u0117jo u\u017esakymo atlikimo metu nurodytas preki\u0173 asortimentas, j\u0173 kiekis, kaina, pristatymo laikas bei kitos s\u0105lygos yra privalomos tiek Pirk\u0117jui ir Pardav\u0117jui &hellip; <a href=\"https:\/\/kitchenjulie.com\/lt\/salygos-ir-terminai\/\">Continued<\/a><\/p>\n","protected":false},"author":11,"featured_media":0,"parent":0,"menu_order":0,"comment_status":"closed","ping_status":"closed","template":"","meta":{"_acf_changed":false,"inline_featured_image":false,"footnotes":""},"class_list":["post-5907","page","type-page","status-publish","hentry"],"acf":[],"_links":{"self":[{"href":"https:\/\/kitchenjulie.com\/lt\/wp-json\/wp\/v2\/pages\/5907","targetHints":{"allow":["GET"]}}],"collection":[{"href":"https:\/\/kitchenjulie.com\/lt\/wp-json\/wp\/v2\/pages"}],"about":[{"href":"https:\/\/kitchenjulie.com\/lt\/wp-json\/wp\/v2\/types\/page"}],"author":[{"embeddable":true,"href":"https:\/\/kitchenjulie.com\/lt\/wp-json\/wp\/v2\/users\/11"}],"replies":[{"embeddable":true,"href":"https:\/\/kitchenjulie.com\/lt\/wp-json\/wp\/v2\/comments?post=5907"}],"version-history":[{"count":3,"href":"https:\/\/kitchenjulie.com\/lt\/wp-json\/wp\/v2\/pages\/5907\/revisions"}],"predecessor-version":[{"id":5919,"href":"https:\/\/kitchenjulie.com\/lt\/wp-json\/wp\/v2\/pages\/5907\/revisions\/5919"}],"wp:attachment":[{"href":"https:\/\/kitchenjulie.com\/lt\/wp-json\/wp\/v2\/media?parent=5907"}],"curies":[{"name":"wp","href":"https:\/\/api.w.org\/{rel}","templated":true}]}}