{"id":5851,"date":"2024-02-08T13:49:14","date_gmt":"2024-02-08T11:49:14","guid":{"rendered":"https:\/\/kitchenjulie.com\/?page_id=5851"},"modified":"2024-04-04T09:10:28","modified_gmt":"2024-04-04T06:10:28","slug":"pinigu-ir-prekiu-grazinimo-politika","status":"publish","type":"page","link":"https:\/\/kitchenjulie.com\/lt\/pinigu-ir-prekiu-grazinimo-politika\/","title":{"rendered":"Pinig\u0173 ir preki\u0173 gr\u0105\u017einimo politika"},"content":{"rendered":"\n<div class=\"wp-block-columns is-layout-flex wp-container-core-columns-is-layout-9d6595d7 wp-block-columns-is-layout-flex\">\n<div class=\"wp-block-column is-layout-flow wp-block-column-is-layout-flow\" style=\"flex-basis:66.66%\">\n<p>M\u016bs\u0173 pinig\u0173 ir preki\u0173 gr\u0105\u017einimo politika galioja 30 dien\u0173. Jei nuo pirkimo pra\u0117jo 30 dien\u0173, mes negalime jums pasi\u016blyti vis\u0173 pinig\u0173 gr\u0105\u017einimo ar preki\u0173 keitimo. Kad b\u016bt\u0173 galima gr\u0105\u017einti prek\u0119, ji turi b\u016bti nenaudota ir tokios pat b\u016bkl\u0117s, kaip j\u0105 gavote. Ji taip pat turi b\u016bti originalioje pakuot\u0117je. Pinigai u\u017e nukainotas prekes negr\u0105\u017einami. Tam, kad gal\u0117tum\u0117te gr\u0105\u017einti prek\u0119, b\u016btina tur\u0117ti pirkimo kvit\u0105 arba pirkimo \u012frodym\u0105.<\/p>\n\n\n\n<p><strong>NEGR\u0104\u017dINAMOS PREK\u0116S:<\/strong><\/p>\n\n\n\n<ul class=\"wp-block-list\">\n<li>Dovan\u0173 kuponai<\/li>\n\n\n\n<li>Skaitmenin\u0117s (internetu parsisiun\u010diamos) prek\u0117s<\/li>\n<\/ul>\n\n\n\n<p><strong>L\u0116\u0160\u0172 GR\u0104\u017dINIMAS<\/strong><\/p>\n\n\n\n<p>Kai j\u016bs\u0173 gr\u0105\u017einimas bus gautas ir patikrintas, atsi\u0173sime jums el. lai\u0161k\u0105, kuriame informuosime, kad gavome gr\u0105\u017eint\u0105 prek\u0119. Taip pat prane\u0161ime apie j\u016bs\u0173 pinig\u0173 gr\u0105\u017einimo patvirtinim\u0105 arba atmetim\u0105. Jei gr\u0105\u017einimas bus patvirtintas, j\u016bs\u0173 l\u0117\u0161os bus apdorotos ir per tam tikr\u0105 dien\u0173 skai\u010di\u0173 automati\u0161kai gr\u0105\u017eintos \u012f j\u016bs\u0173 kredito kortel\u0119 arba pradin\u012f mok\u0117jimo b\u016bd\u0105.<\/p>\n\n\n\n<p>Jei dar negavote pinig\u0173, pirmiausia dar kart\u0105 patikrinkite savo banko s\u0105skait\u0105. Tuomet susisiekite su kredito kortel\u0119 i\u0161davusia \u012fmone. Gali u\u017etrukti, kol gr\u0105\u017einimas bus \u012fskaitytas. Tuomet susisiekite su savo banku. Gr\u0105\u017einant l\u0117\u0161as, da\u017enai reikalingos ilgesn\u0117s apdorojimo proced\u016bros. Jei visa tai padar\u0117te ir vis dar negavote pinig\u0173, susisiekite su manimi adresu julija@kitchenjulie.com.<\/p>\n\n\n\n<p><strong>PREKI\u0172 KEITIMAS<\/strong><\/p>\n\n\n\n<p>Kei\u010diame tik tuos daiktus, kurie turi defekt\u0173 arba yra sugadinti. Jei norite pakeisti prek\u0119 \u012f t\u0105 pa\u010di\u0105, atsi\u0173skite man el. lai\u0161k\u0105 adresu julija@kitchenjulie.com.<\/p>\n\n\n\n<p><strong>SIUNTIMO I\u0160LAIDOS<\/strong><\/p>\n\n\n\n<p>Nor\u0117dami gr\u0105\u017einti prek\u0119, pirmiausia susisiekite su manimi julija@kitchenjulie.com. Patvirtinus gr\u0105\u017einim\u0105, sugeneruosime jums gr\u0105\u017einimo etiket\u0119, kuri\u0105 gausite el. pa\u0161tu. Visos prek\u0117s gr\u0105\u017einamos adresu: UAB Shipaway, Sodyb\u0173 gatv\u0117 7A, LT-13277 Vilnius, Lietuva. Priklausomai nuo to, kur gyvenate, laikas, per kur\u012f pakeistas produktas jus pasieks, gali skirtis.<\/p>\n\n\n\n<p><strong>REIKIA PAGALBOS?<\/strong><\/p>\n\n\n\n<p>Susisiekite el. pa\u0161tu julija@kitchenjulie.com d\u0117l klausim\u0173, susijusi\u0173 su pinig\u0173 bei preki\u0173 gr\u0105\u017einimu.<\/p>\n<\/div>\n\n\n\n<div class=\"wp-block-column is-layout-flow wp-block-column-is-layout-flow\" style=\"flex-basis:33.33%\"><\/div>\n<\/div>\n","protected":false},"excerpt":{"rendered":"<p>M\u016bs\u0173 pinig\u0173 ir preki\u0173 gr\u0105\u017einimo politika galioja 30 dien\u0173. Jei nuo pirkimo pra\u0117jo 30 dien\u0173, mes negalime jums pasi\u016blyti vis\u0173 pinig\u0173 gr\u0105\u017einimo ar preki\u0173 keitimo. Kad b\u016bt\u0173 galima gr\u0105\u017einti prek\u0119, ji turi b\u016bti nenaudota ir tokios pat b\u016bkl\u0117s, kaip j\u0105 gavote. Ji taip pat turi b\u016bti originalioje pakuot\u0117je. Pinigai u\u017e nukainotas prekes negr\u0105\u017einami. Tam, kad &hellip; <a href=\"https:\/\/kitchenjulie.com\/lt\/pinigu-ir-prekiu-grazinimo-politika\/\">Continued<\/a><\/p>\n","protected":false},"author":4,"featured_media":0,"parent":0,"menu_order":0,"comment_status":"closed","ping_status":"closed","template":"","meta":{"_acf_changed":false,"inline_featured_image":false,"footnotes":""},"class_list":["post-5851","page","type-page","status-publish","hentry"],"acf":[],"_links":{"self":[{"href":"https:\/\/kitchenjulie.com\/lt\/wp-json\/wp\/v2\/pages\/5851","targetHints":{"allow":["GET"]}}],"collection":[{"href":"https:\/\/kitchenjulie.com\/lt\/wp-json\/wp\/v2\/pages"}],"about":[{"href":"https:\/\/kitchenjulie.com\/lt\/wp-json\/wp\/v2\/types\/page"}],"author":[{"embeddable":true,"href":"https:\/\/kitchenjulie.com\/lt\/wp-json\/wp\/v2\/users\/4"}],"replies":[{"embeddable":true,"href":"https:\/\/kitchenjulie.com\/lt\/wp-json\/wp\/v2\/comments?post=5851"}],"version-history":[{"count":4,"href":"https:\/\/kitchenjulie.com\/lt\/wp-json\/wp\/v2\/pages\/5851\/revisions"}],"predecessor-version":[{"id":5921,"href":"https:\/\/kitchenjulie.com\/lt\/wp-json\/wp\/v2\/pages\/5851\/revisions\/5921"}],"wp:attachment":[{"href":"https:\/\/kitchenjulie.com\/lt\/wp-json\/wp\/v2\/media?parent=5851"}],"curies":[{"name":"wp","href":"https:\/\/api.w.org\/{rel}","templated":true}]}}